{"id":60,"date":"2026-02-25T09:33:47","date_gmt":"2026-02-25T07:33:47","guid":{"rendered":"https:\/\/mobitex.info\/?page_id=60"},"modified":"2026-02-27T11:12:12","modified_gmt":"2026-02-27T10:12:12","slug":"obvestila","status":"publish","type":"page","link":"https:\/\/mobitex.info\/index.php\/obvestila\/","title":{"rendered":"OBVESTILA"},"content":{"rendered":"\n<div class=\"wp-block-group is-layout-flow wp-block-group-is-layout-flow\"><ul style=\"font-style:normal;font-weight:400; border-top-left-radius:0px;border-top-right-radius:0px;border-bottom-left-radius:0px;border-bottom-right-radius:0px;border-style:none;border-width:0px; padding-top:0;padding-bottom:0;padding-left:0;padding-right:0;margin-top:var(--wp--preset--spacing--20);margin-bottom:var(--wp--preset--spacing--20);\" class=\"wp-block-latest-posts__list has-dates has-author wp-block-latest-posts has-small-font-size has-roboto-font-family\"><li><a class=\"wp-block-latest-posts__post-title\" href=\"https:\/\/mobitex.info\/index.php\/2025\/12\/21\/jr-p4d-2025\/\">JR P4D 2025<\/a><div class=\"wp-block-latest-posts__post-author\">od MOBITEX<\/div><time datetime=\"2025-12-21T08:23:00+01:00\" class=\"wp-block-latest-posts__post-date\">21.12.2025<\/time><div class=\"wp-block-latest-posts__post-excerpt\">DIGITALNA TRANSFORMACIJA PODJETJA MOBITEX d.o.o. PE INDUSTRIJSKA (JR P4D 2025) Trajanje: 10\/2024 \u2013 02\/2026Vrednost projekta: 235.457,80 EUREU-financiranje: 100.000,00 EUR Kratek opis operacije: Podjetje bo opravilo celovito digitalno transformacijo z namenom\u2026 <a class=\"wp-block-latest-posts__read-more\" href=\"https:\/\/mobitex.info\/index.php\/2025\/12\/21\/jr-p4d-2025\/\" rel=\"noopener noreferrer\">Preberite ve\u010d<span class=\"screen-reader-text\">: JR P4D 2025<\/span><\/a><\/div><\/li>\n<li><a class=\"wp-block-latest-posts__post-title\" href=\"https:\/\/mobitex.info\/index.php\/2025\/09\/01\/velika-investicija-za-zeleni-in-digitalni-prehod\/\">VELIKA INVESTICIJA ZA ZELENI IN DIGITALNI PREHOD<\/a><div class=\"wp-block-latest-posts__post-author\">od MOBITEX<\/div><time datetime=\"2025-09-01T10:14:20+01:00\" class=\"wp-block-latest-posts__post-date\">01.09.2025<\/time><div class=\"wp-block-latest-posts__post-excerpt\">Trajanje:&nbsp;11\/2022 \u2013 10\/2025Vrednost projekta:&nbsp;11.963.368,00 EUREU-financiranje:&nbsp;5.678.396,53 EUR Kratek opis: Podjetje \u017eeli&nbsp;vzpostaviti dodatno proizvodno infrastrukturo in kupiti najsodobnej\u0161o tehnolo\u0161ko opremo za obdelavo kovin. Tehnolo\u0161ko zahtevna investicija bo omogo\u010dila&nbsp;proizvodnjo izdelkov z vi\u0161jo dodano\u2026 <a class=\"wp-block-latest-posts__read-more\" href=\"https:\/\/mobitex.info\/index.php\/2025\/09\/01\/velika-investicija-za-zeleni-in-digitalni-prehod\/\" rel=\"noopener noreferrer\">Preberite ve\u010d<span class=\"screen-reader-text\">: VELIKA INVESTICIJA ZA ZELENI IN DIGITALNI PREHOD<\/span><\/a><\/div><\/li>\n<\/ul><\/div>\n\n\n\n<p><\/p>\n","protected":false},"excerpt":{"rendered":"","protected":false},"author":1,"featured_media":0,"parent":0,"menu_order":0,"comment_status":"closed","ping_status":"closed","template":"","meta":{"footnotes":""},"class_list":["post-60","page","type-page","status-publish","hentry"],"yoast_head":"<!-- This site is optimized with the Yoast SEO plugin v27.1.1 - https:\/\/yoast.com\/product\/yoast-seo-wordpress\/ -->\n<title>OBVESTILA - Mobitex d.o.o.<\/title>\n<meta name=\"robots\" content=\"index, follow, max-snippet:-1, max-image-preview:large, max-video-preview:-1\" \/>\n<link rel=\"canonical\" href=\"https:\/\/mobitex.info\/index.php\/obvestila\/\" \/>\n<meta property=\"og:locale\" content=\"sl_SI\" \/>\n<meta property=\"og:type\" content=\"article\" \/>\n<meta property=\"og:title\" content=\"OBVESTILA - Mobitex d.o.o.\" \/>\n<meta property=\"og:url\" content=\"https:\/\/mobitex.info\/index.php\/obvestila\/\" \/>\n<meta property=\"og:site_name\" content=\"Mobitex d.o.o.\" \/>\n<meta property=\"article:modified_time\" content=\"2026-02-27T10:12:12+00:00\" \/>\n<meta name=\"twitter:card\" content=\"summary_large_image\" \/>\n<script type=\"application\/ld+json\" class=\"yoast-schema-graph\">{\"@context\":\"https:\/\/schema.org\",\"@graph\":[{\"@type\":\"WebPage\",\"@id\":\"https:\/\/mobitex.info\/index.php\/obvestila\/\",\"url\":\"https:\/\/mobitex.info\/index.php\/obvestila\/\",\"name\":\"OBVESTILA - Mobitex d.o.o.\",\"isPartOf\":{\"@id\":\"https:\/\/mobitex.info\/#website\"},\"datePublished\":\"2026-02-25T07:33:47+00:00\",\"dateModified\":\"2026-02-27T10:12:12+00:00\",\"breadcrumb\":{\"@id\":\"https:\/\/mobitex.info\/index.php\/obvestila\/#breadcrumb\"},\"inLanguage\":\"sl-SI\",\"potentialAction\":[{\"@type\":\"ReadAction\",\"target\":[\"https:\/\/mobitex.info\/index.php\/obvestila\/\"]}]},{\"@type\":\"BreadcrumbList\",\"@id\":\"https:\/\/mobitex.info\/index.php\/obvestila\/#breadcrumb\",\"itemListElement\":[{\"@type\":\"ListItem\",\"position\":1,\"name\":\"Domovsk\u00e1 str\u00e1nka\",\"item\":\"https:\/\/mobitex.info\/\"},{\"@type\":\"ListItem\",\"position\":2,\"name\":\"OBVESTILA\"}]},{\"@type\":\"WebSite\",\"@id\":\"https:\/\/mobitex.info\/#website\",\"url\":\"https:\/\/mobitex.info\/\",\"name\":\"Mobitex d.o.o.\",\"description\":\"35+ poslovnih let\",\"publisher\":{\"@id\":\"https:\/\/mobitex.info\/#organization\"},\"potentialAction\":[{\"@type\":\"SearchAction\",\"target\":{\"@type\":\"EntryPoint\",\"urlTemplate\":\"https:\/\/mobitex.info\/?s={search_term_string}\"},\"query-input\":{\"@type\":\"PropertyValueSpecification\",\"valueRequired\":true,\"valueName\":\"search_term_string\"}}],\"inLanguage\":\"sl-SI\"},{\"@type\":\"Organization\",\"@id\":\"https:\/\/mobitex.info\/#organization\",\"name\":\"Mobitex d.o.o.\",\"url\":\"https:\/\/mobitex.info\/\",\"logo\":{\"@type\":\"ImageObject\",\"inLanguage\":\"sl-SI\",\"@id\":\"https:\/\/mobitex.info\/#\/schema\/logo\/image\/\",\"url\":\"https:\/\/mobitex.info\/wp-content\/uploads\/2026\/02\/logo2.jpg\",\"contentUrl\":\"https:\/\/mobitex.info\/wp-content\/uploads\/2026\/02\/logo2.jpg\",\"width\":445,\"height\":72,\"caption\":\"Mobitex d.o.o.\"},\"image\":{\"@id\":\"https:\/\/mobitex.info\/#\/schema\/logo\/image\/\"}}]}<\/script>\n<!-- \/ Yoast SEO plugin. -->","yoast_head_json":{"title":"OBVESTILA - Mobitex d.o.o.","robots":{"index":"index","follow":"follow","max-snippet":"max-snippet:-1","max-image-preview":"max-image-preview:large","max-video-preview":"max-video-preview:-1"},"canonical":"https:\/\/mobitex.info\/index.php\/obvestila\/","og_locale":"sl_SI","og_type":"article","og_title":"OBVESTILA - Mobitex d.o.o.","og_url":"https:\/\/mobitex.info\/index.php\/obvestila\/","og_site_name":"Mobitex d.o.o.","article_modified_time":"2026-02-27T10:12:12+00:00","twitter_card":"summary_large_image","schema":{"@context":"https:\/\/schema.org","@graph":[{"@type":"WebPage","@id":"https:\/\/mobitex.info\/index.php\/obvestila\/","url":"https:\/\/mobitex.info\/index.php\/obvestila\/","name":"OBVESTILA - Mobitex d.o.o.","isPartOf":{"@id":"https:\/\/mobitex.info\/#website"},"datePublished":"2026-02-25T07:33:47+00:00","dateModified":"2026-02-27T10:12:12+00:00","breadcrumb":{"@id":"https:\/\/mobitex.info\/index.php\/obvestila\/#breadcrumb"},"inLanguage":"sl-SI","potentialAction":[{"@type":"ReadAction","target":["https:\/\/mobitex.info\/index.php\/obvestila\/"]}]},{"@type":"BreadcrumbList","@id":"https:\/\/mobitex.info\/index.php\/obvestila\/#breadcrumb","itemListElement":[{"@type":"ListItem","position":1,"name":"Domovsk\u00e1 str\u00e1nka","item":"https:\/\/mobitex.info\/"},{"@type":"ListItem","position":2,"name":"OBVESTILA"}]},{"@type":"WebSite","@id":"https:\/\/mobitex.info\/#website","url":"https:\/\/mobitex.info\/","name":"Mobitex d.o.o.","description":"35+ poslovnih let","publisher":{"@id":"https:\/\/mobitex.info\/#organization"},"potentialAction":[{"@type":"SearchAction","target":{"@type":"EntryPoint","urlTemplate":"https:\/\/mobitex.info\/?s={search_term_string}"},"query-input":{"@type":"PropertyValueSpecification","valueRequired":true,"valueName":"search_term_string"}}],"inLanguage":"sl-SI"},{"@type":"Organization","@id":"https:\/\/mobitex.info\/#organization","name":"Mobitex d.o.o.","url":"https:\/\/mobitex.info\/","logo":{"@type":"ImageObject","inLanguage":"sl-SI","@id":"https:\/\/mobitex.info\/#\/schema\/logo\/image\/","url":"https:\/\/mobitex.info\/wp-content\/uploads\/2026\/02\/logo2.jpg","contentUrl":"https:\/\/mobitex.info\/wp-content\/uploads\/2026\/02\/logo2.jpg","width":445,"height":72,"caption":"Mobitex d.o.o."},"image":{"@id":"https:\/\/mobitex.info\/#\/schema\/logo\/image\/"}}]}},"_links":{"self":[{"href":"https:\/\/mobitex.info\/index.php\/wp-json\/wp\/v2\/pages\/60","targetHints":{"allow":["GET"]}}],"collection":[{"href":"https:\/\/mobitex.info\/index.php\/wp-json\/wp\/v2\/pages"}],"about":[{"href":"https:\/\/mobitex.info\/index.php\/wp-json\/wp\/v2\/types\/page"}],"author":[{"embeddable":true,"href":"https:\/\/mobitex.info\/index.php\/wp-json\/wp\/v2\/users\/1"}],"replies":[{"embeddable":true,"href":"https:\/\/mobitex.info\/index.php\/wp-json\/wp\/v2\/comments?post=60"}],"version-history":[{"count":13,"href":"https:\/\/mobitex.info\/index.php\/wp-json\/wp\/v2\/pages\/60\/revisions"}],"predecessor-version":[{"id":224,"href":"https:\/\/mobitex.info\/index.php\/wp-json\/wp\/v2\/pages\/60\/revisions\/224"}],"wp:attachment":[{"href":"https:\/\/mobitex.info\/index.php\/wp-json\/wp\/v2\/media?parent=60"}],"curies":[{"name":"wp","href":"https:\/\/api.w.org\/{rel}","templated":true}]}}