{"id":239,"date":"2026-02-27T12:41:59","date_gmt":"2026-02-27T11:41:59","guid":{"rendered":"https:\/\/mobitex.info\/?page_id=239"},"modified":"2026-02-27T12:49:59","modified_gmt":"2026-02-27T11:49:59","slug":"ra10193","status":"publish","type":"page","link":"https:\/\/mobitex.info\/index.php\/ra10193\/","title":{"rendered":"RA10193"},"content":{"rendered":"\n<h4 class=\"wp-block-heading\">Naziv delovnega mesta oz. vrste dela:<\/h4>\n\n\n\n<ul class=\"wp-block-list\">\n<li>TEHNOLOG &#8211; M\/\u017d<\/li>\n<\/ul>\n\n\n\n<h4 class=\"wp-block-heading\">Podroben opis delovnega mesta:<\/h4>\n\n\n\n<ul class=\"wp-block-list\">\n<li style=\"line-height:1.7\">SAMOSTOJNO PREDPISOVANJE TEHNOLO\u0160KEGA PROCESA ZA KOVINSKE IZDELKE IN NJIHOVE POLIZDELKE.<\/li>\n\n\n\n<li>DOLO\u010cITEV NORMATIVA MATERIALA IN VREDNOTENJE.<\/li>\n\n\n\n<li>VREDNOTENJE. IZSTAVLJANJE NARO\u010cIL MATERIALA V NABAVO.<\/li>\n\n\n\n<li>DOLO\u010cITEV \u010cASOVNIH NORMATIVOV.<\/li>\n\n\n\n<li>KOMUNIKACIJA S STRANKO IN DRUGIMI ODDELKI.<\/li>\n\n\n\n<li>IZDELKI SO SERIJSKI (KOMPONENTE STROJEV ZA GRADBENO MEHANIZACIJO) ALI PROJEKTNI (ARHITEKTURNE KONSTRUKCIJE, KOMPONENTE VE\u010cJIH STROJEV ZA RAZLI\u010cNE INDUSTRIJE).<\/li>\n<\/ul>\n\n\n\n<h4 class=\"wp-block-heading\">Od Vas pri\u010dakujemo:<\/h4>\n\n\n\n<ul class=\"wp-block-list\">\n<li style=\"line-height:1.7\">170 visoko\u0161olska 2.stopnje, visoko\u0161olska univerzitetna (prej\u0161nja) ipd., 0700 Tehnika, proizvodne tehnologije in gradbeni\u0161tvo, podrobneje neopredeljeno.<\/li>\n\n\n\n<li style=\"line-height:1.7\">150 srednja strokovna, srednja splo\u0161na, 0700 Tehnika, proizvodne tehnologije in gradbeni\u0161tvo, podrobneje neopredeljeno.<\/li>\n\n\n\n<li style=\"line-height:1.7\">Procesi za katere se pripravlja tehnolo\u0161ka dokumentacija: &#8211; avtogeni, plazemski in laserski razrez, &#8211; upogib in kro\u017eenje, <br>priprava zvarnih robov, &#8211; sestava in varjenje zvarjencev, &#8211; kontrolne karte, &#8211; strojna obdelava, &#8211; AKZ za\u0161\u010dita, &#8211; pakiranje.<\/li>\n\n\n\n<li style=\"line-height:1.7\">Uporabljamo programe Solidworks, Teklo in ZWCAD, Office in ERP sistem.<\/li>\n<\/ul>\n\n\n\n<h4 class=\"wp-block-heading\">Ostalo:<\/h4>\n\n\n\n<p>Lokacija proizvodnje je Industrijska ulica, 9220 Lendava.<\/p>\n","protected":false},"excerpt":{"rendered":"<p>Naziv delovnega mesta oz. vrste dela: Podroben opis delovnega mesta: Od Vas pri\u010dakujemo: Ostalo: Lokacija proizvodnje je Industrijska ulica, 9220 Lendava.<\/p>\n","protected":false},"author":1,"featured_media":0,"parent":0,"menu_order":0,"comment_status":"closed","ping_status":"closed","template":"","meta":{"footnotes":""},"class_list":["post-239","page","type-page","status-publish","hentry"],"yoast_head":"<!-- This site is optimized with the Yoast SEO plugin v27.1.1 - https:\/\/yoast.com\/product\/yoast-seo-wordpress\/ -->\n<title>RA10193 - Mobitex d.o.o.<\/title>\n<meta name=\"robots\" content=\"index, follow, max-snippet:-1, max-image-preview:large, max-video-preview:-1\" \/>\n<link rel=\"canonical\" href=\"https:\/\/mobitex.info\/index.php\/ra10193\/\" \/>\n<meta property=\"og:locale\" content=\"sl_SI\" \/>\n<meta property=\"og:type\" content=\"article\" \/>\n<meta property=\"og:title\" content=\"RA10193 - Mobitex d.o.o.\" \/>\n<meta property=\"og:description\" content=\"Naziv delovnega mesta oz. vrste dela: Podroben opis delovnega mesta: Od Vas pri\u010dakujemo: Ostalo: Lokacija proizvodnje je Industrijska ulica, 9220 Lendava.\" \/>\n<meta property=\"og:url\" content=\"https:\/\/mobitex.info\/index.php\/ra10193\/\" \/>\n<meta property=\"og:site_name\" content=\"Mobitex d.o.o.\" \/>\n<meta property=\"article:modified_time\" content=\"2026-02-27T11:49:59+00:00\" \/>\n<meta name=\"twitter:card\" content=\"summary_large_image\" \/>\n<meta name=\"twitter:label1\" content=\"Est. reading time\" \/>\n\t<meta name=\"twitter:data1\" content=\"1 minuta\" \/>\n<script type=\"application\/ld+json\" class=\"yoast-schema-graph\">{\"@context\":\"https:\/\/schema.org\",\"@graph\":[{\"@type\":\"WebPage\",\"@id\":\"https:\/\/mobitex.info\/index.php\/ra10193\/\",\"url\":\"https:\/\/mobitex.info\/index.php\/ra10193\/\",\"name\":\"RA10193 - Mobitex d.o.o.\",\"isPartOf\":{\"@id\":\"https:\/\/mobitex.info\/#website\"},\"datePublished\":\"2026-02-27T11:41:59+00:00\",\"dateModified\":\"2026-02-27T11:49:59+00:00\",\"breadcrumb\":{\"@id\":\"https:\/\/mobitex.info\/index.php\/ra10193\/#breadcrumb\"},\"inLanguage\":\"sl-SI\",\"potentialAction\":[{\"@type\":\"ReadAction\",\"target\":[\"https:\/\/mobitex.info\/index.php\/ra10193\/\"]}]},{\"@type\":\"BreadcrumbList\",\"@id\":\"https:\/\/mobitex.info\/index.php\/ra10193\/#breadcrumb\",\"itemListElement\":[{\"@type\":\"ListItem\",\"position\":1,\"name\":\"Domovsk\u00e1 str\u00e1nka\",\"item\":\"https:\/\/mobitex.info\/\"},{\"@type\":\"ListItem\",\"position\":2,\"name\":\"RA10193\"}]},{\"@type\":\"WebSite\",\"@id\":\"https:\/\/mobitex.info\/#website\",\"url\":\"https:\/\/mobitex.info\/\",\"name\":\"Mobitex d.o.o.\",\"description\":\"35+ poslovnih let\",\"publisher\":{\"@id\":\"https:\/\/mobitex.info\/#organization\"},\"potentialAction\":[{\"@type\":\"SearchAction\",\"target\":{\"@type\":\"EntryPoint\",\"urlTemplate\":\"https:\/\/mobitex.info\/?s={search_term_string}\"},\"query-input\":{\"@type\":\"PropertyValueSpecification\",\"valueRequired\":true,\"valueName\":\"search_term_string\"}}],\"inLanguage\":\"sl-SI\"},{\"@type\":\"Organization\",\"@id\":\"https:\/\/mobitex.info\/#organization\",\"name\":\"Mobitex d.o.o.\",\"url\":\"https:\/\/mobitex.info\/\",\"logo\":{\"@type\":\"ImageObject\",\"inLanguage\":\"sl-SI\",\"@id\":\"https:\/\/mobitex.info\/#\/schema\/logo\/image\/\",\"url\":\"https:\/\/mobitex.info\/wp-content\/uploads\/2026\/02\/logo2.jpg\",\"contentUrl\":\"https:\/\/mobitex.info\/wp-content\/uploads\/2026\/02\/logo2.jpg\",\"width\":445,\"height\":72,\"caption\":\"Mobitex d.o.o.\"},\"image\":{\"@id\":\"https:\/\/mobitex.info\/#\/schema\/logo\/image\/\"}}]}<\/script>\n<!-- \/ Yoast SEO plugin. -->","yoast_head_json":{"title":"RA10193 - Mobitex d.o.o.","robots":{"index":"index","follow":"follow","max-snippet":"max-snippet:-1","max-image-preview":"max-image-preview:large","max-video-preview":"max-video-preview:-1"},"canonical":"https:\/\/mobitex.info\/index.php\/ra10193\/","og_locale":"sl_SI","og_type":"article","og_title":"RA10193 - Mobitex d.o.o.","og_description":"Naziv delovnega mesta oz. vrste dela: Podroben opis delovnega mesta: Od Vas pri\u010dakujemo: Ostalo: Lokacija proizvodnje je Industrijska ulica, 9220 Lendava.","og_url":"https:\/\/mobitex.info\/index.php\/ra10193\/","og_site_name":"Mobitex d.o.o.","article_modified_time":"2026-02-27T11:49:59+00:00","twitter_card":"summary_large_image","twitter_misc":{"Est. reading time":"1 minuta"},"schema":{"@context":"https:\/\/schema.org","@graph":[{"@type":"WebPage","@id":"https:\/\/mobitex.info\/index.php\/ra10193\/","url":"https:\/\/mobitex.info\/index.php\/ra10193\/","name":"RA10193 - Mobitex d.o.o.","isPartOf":{"@id":"https:\/\/mobitex.info\/#website"},"datePublished":"2026-02-27T11:41:59+00:00","dateModified":"2026-02-27T11:49:59+00:00","breadcrumb":{"@id":"https:\/\/mobitex.info\/index.php\/ra10193\/#breadcrumb"},"inLanguage":"sl-SI","potentialAction":[{"@type":"ReadAction","target":["https:\/\/mobitex.info\/index.php\/ra10193\/"]}]},{"@type":"BreadcrumbList","@id":"https:\/\/mobitex.info\/index.php\/ra10193\/#breadcrumb","itemListElement":[{"@type":"ListItem","position":1,"name":"Domovsk\u00e1 str\u00e1nka","item":"https:\/\/mobitex.info\/"},{"@type":"ListItem","position":2,"name":"RA10193"}]},{"@type":"WebSite","@id":"https:\/\/mobitex.info\/#website","url":"https:\/\/mobitex.info\/","name":"Mobitex d.o.o.","description":"35+ poslovnih let","publisher":{"@id":"https:\/\/mobitex.info\/#organization"},"potentialAction":[{"@type":"SearchAction","target":{"@type":"EntryPoint","urlTemplate":"https:\/\/mobitex.info\/?s={search_term_string}"},"query-input":{"@type":"PropertyValueSpecification","valueRequired":true,"valueName":"search_term_string"}}],"inLanguage":"sl-SI"},{"@type":"Organization","@id":"https:\/\/mobitex.info\/#organization","name":"Mobitex d.o.o.","url":"https:\/\/mobitex.info\/","logo":{"@type":"ImageObject","inLanguage":"sl-SI","@id":"https:\/\/mobitex.info\/#\/schema\/logo\/image\/","url":"https:\/\/mobitex.info\/wp-content\/uploads\/2026\/02\/logo2.jpg","contentUrl":"https:\/\/mobitex.info\/wp-content\/uploads\/2026\/02\/logo2.jpg","width":445,"height":72,"caption":"Mobitex d.o.o."},"image":{"@id":"https:\/\/mobitex.info\/#\/schema\/logo\/image\/"}}]}},"_links":{"self":[{"href":"https:\/\/mobitex.info\/index.php\/wp-json\/wp\/v2\/pages\/239","targetHints":{"allow":["GET"]}}],"collection":[{"href":"https:\/\/mobitex.info\/index.php\/wp-json\/wp\/v2\/pages"}],"about":[{"href":"https:\/\/mobitex.info\/index.php\/wp-json\/wp\/v2\/types\/page"}],"author":[{"embeddable":true,"href":"https:\/\/mobitex.info\/index.php\/wp-json\/wp\/v2\/users\/1"}],"replies":[{"embeddable":true,"href":"https:\/\/mobitex.info\/index.php\/wp-json\/wp\/v2\/comments?post=239"}],"version-history":[{"count":2,"href":"https:\/\/mobitex.info\/index.php\/wp-json\/wp\/v2\/pages\/239\/revisions"}],"predecessor-version":[{"id":243,"href":"https:\/\/mobitex.info\/index.php\/wp-json\/wp\/v2\/pages\/239\/revisions\/243"}],"wp:attachment":[{"href":"https:\/\/mobitex.info\/index.php\/wp-json\/wp\/v2\/media?parent=239"}],"curies":[{"name":"wp","href":"https:\/\/api.w.org\/{rel}","templated":true}]}}