{"id":119,"date":"2026-02-25T12:51:00","date_gmt":"2026-02-25T10:51:00","guid":{"rendered":"https:\/\/mobitex.info\/?page_id=119"},"modified":"2026-02-27T12:44:14","modified_gmt":"2026-02-27T11:44:14","slug":"ra10162","status":"publish","type":"page","link":"https:\/\/mobitex.info\/index.php\/ra10162\/","title":{"rendered":"RA10162"},"content":{"rendered":"\n<h4 class=\"wp-block-heading\">Naziv delovnega mesta oz. vrste dela:<\/h4>\n\n\n\n<ul class=\"wp-block-list\">\n<li>PROGRAMER CNC OBDELOVALNIH STROJEV &#8211; M\/\u017d<\/li>\n<\/ul>\n\n\n\n<h4 class=\"wp-block-heading\">Podroben opis delovnega mesta:<\/h4>\n\n\n\n<ul class=\"wp-block-list\">\n<li style=\"line-height:1.7\">PROGRAMIRANJE CNC OBDELOVALNIH STROJEV. PREVZEM TEHNI\u010cNE DOKUMENTACIJE, PRIPRAVA PROGRAMA ZA OBDELAVO, IZBIRA ORODJA IN OSNOVNIH PARAMETROV ORODJA.<\/li>\n\n\n\n<li style=\"line-height:1.7\">IZDELAVA SKICE\/NA\u010cRTA VPENJANJA, IZBIRE ZA\u010cETNIH TO\u010cK.<\/li>\n\n\n\n<li style=\"line-height:1.7\">IZDELAVA SEZNAMA ORODJA ZA ORODJARNO. <\/li>\n\n\n\n<li style=\"line-height:1.7\">DRUGA SORODNA DELA. KOMUNIKACIJA Z DRUGIMI TEHNI\u010cNIMI ODDELKI IN PROIZVODNJO. <\/li>\n\n\n\n<li style=\"line-height:1.7\">SKRB ZA \u010cISTO IN UREJENO DELOVNO OKOLJE.<\/li>\n<\/ul>\n\n\n\n<h4 class=\"wp-block-heading\">Od Vas pri\u010dakujemo:<\/h4>\n\n\n\n<ul class=\"wp-block-list\">\n<li style=\"line-height:1.7\">162 visoko\u0161olska 1.stopnje, visoko\u0161olska strokovna (prej\u0161nja) ipd., 0799 Tehnika, proizvodne tehnologije in gradbeni\u0161tvo, drugo<\/li>\n\n\n\n<li style=\"line-height:1.7\">150 srednja strokovna, srednja splo\u0161na, 0799 Tehnika, proizvodne tehnologije in gradbeni\u0161tvo, drugo<\/li>\n\n\n\n<li style=\"line-height:1.7\">Za\u017eeljene izku\u0161nje z delom na CNC obdelovalnih strojih, ni pa pogoj. <\/li>\n<\/ul>\n\n\n\n<h4 class=\"wp-block-heading\">Ostalo:<\/h4>\n\n\n\n<ul class=\"wp-block-list\">\n<li style=\"line-height:1.7\">Portalni in horizontalni stroji z menjalnimi glavami. <\/li>\n\n\n\n<li style=\"line-height:1.7\">Krmilje na vseh strojih Heidenhain TNC 640.<\/li>\n\n\n\n<li style=\"line-height:1.7\">Uporabljamo program Solidworks in Solidcam.<\/li>\n\n\n\n<li style=\"line-height:1.7\">Lokacija proizvodnje je Industrijska ulica, 9220 Lendava.<\/li>\n<\/ul>\n","protected":false},"excerpt":{"rendered":"<p>Naziv delovnega mesta oz. vrste dela: Podroben opis delovnega mesta: Od Vas pri\u010dakujemo: Ostalo:<\/p>\n","protected":false},"author":1,"featured_media":0,"parent":0,"menu_order":0,"comment_status":"closed","ping_status":"closed","template":"","meta":{"footnotes":""},"class_list":["post-119","page","type-page","status-publish","hentry"],"yoast_head":"<!-- This site is optimized with the Yoast SEO plugin v27.1.1 - https:\/\/yoast.com\/product\/yoast-seo-wordpress\/ -->\n<title>RA10162 - Mobitex d.o.o.<\/title>\n<meta name=\"robots\" content=\"index, follow, max-snippet:-1, max-image-preview:large, max-video-preview:-1\" \/>\n<link rel=\"canonical\" href=\"https:\/\/mobitex.info\/index.php\/ra10162\/\" \/>\n<meta property=\"og:locale\" content=\"sl_SI\" \/>\n<meta property=\"og:type\" content=\"article\" \/>\n<meta property=\"og:title\" content=\"RA10162 - Mobitex d.o.o.\" \/>\n<meta property=\"og:description\" content=\"Naziv delovnega mesta oz. vrste dela: Podroben opis delovnega mesta: Od Vas pri\u010dakujemo: Ostalo:\" \/>\n<meta property=\"og:url\" content=\"https:\/\/mobitex.info\/index.php\/ra10162\/\" \/>\n<meta property=\"og:site_name\" content=\"Mobitex d.o.o.\" \/>\n<meta property=\"article:modified_time\" content=\"2026-02-27T11:44:14+00:00\" \/>\n<meta name=\"twitter:card\" content=\"summary_large_image\" \/>\n<meta name=\"twitter:label1\" content=\"Est. reading time\" \/>\n\t<meta name=\"twitter:data1\" content=\"1 minuta\" \/>\n<script type=\"application\/ld+json\" class=\"yoast-schema-graph\">{\"@context\":\"https:\/\/schema.org\",\"@graph\":[{\"@type\":\"WebPage\",\"@id\":\"https:\/\/mobitex.info\/index.php\/ra10162\/\",\"url\":\"https:\/\/mobitex.info\/index.php\/ra10162\/\",\"name\":\"RA10162 - Mobitex d.o.o.\",\"isPartOf\":{\"@id\":\"https:\/\/mobitex.info\/#website\"},\"datePublished\":\"2026-02-25T10:51:00+00:00\",\"dateModified\":\"2026-02-27T11:44:14+00:00\",\"breadcrumb\":{\"@id\":\"https:\/\/mobitex.info\/index.php\/ra10162\/#breadcrumb\"},\"inLanguage\":\"sl-SI\",\"potentialAction\":[{\"@type\":\"ReadAction\",\"target\":[\"https:\/\/mobitex.info\/index.php\/ra10162\/\"]}]},{\"@type\":\"BreadcrumbList\",\"@id\":\"https:\/\/mobitex.info\/index.php\/ra10162\/#breadcrumb\",\"itemListElement\":[{\"@type\":\"ListItem\",\"position\":1,\"name\":\"Domovsk\u00e1 str\u00e1nka\",\"item\":\"https:\/\/mobitex.info\/\"},{\"@type\":\"ListItem\",\"position\":2,\"name\":\"RA10162\"}]},{\"@type\":\"WebSite\",\"@id\":\"https:\/\/mobitex.info\/#website\",\"url\":\"https:\/\/mobitex.info\/\",\"name\":\"Mobitex d.o.o.\",\"description\":\"35+ poslovnih let\",\"publisher\":{\"@id\":\"https:\/\/mobitex.info\/#organization\"},\"potentialAction\":[{\"@type\":\"SearchAction\",\"target\":{\"@type\":\"EntryPoint\",\"urlTemplate\":\"https:\/\/mobitex.info\/?s={search_term_string}\"},\"query-input\":{\"@type\":\"PropertyValueSpecification\",\"valueRequired\":true,\"valueName\":\"search_term_string\"}}],\"inLanguage\":\"sl-SI\"},{\"@type\":\"Organization\",\"@id\":\"https:\/\/mobitex.info\/#organization\",\"name\":\"Mobitex d.o.o.\",\"url\":\"https:\/\/mobitex.info\/\",\"logo\":{\"@type\":\"ImageObject\",\"inLanguage\":\"sl-SI\",\"@id\":\"https:\/\/mobitex.info\/#\/schema\/logo\/image\/\",\"url\":\"https:\/\/mobitex.info\/wp-content\/uploads\/2026\/02\/logo2.jpg\",\"contentUrl\":\"https:\/\/mobitex.info\/wp-content\/uploads\/2026\/02\/logo2.jpg\",\"width\":445,\"height\":72,\"caption\":\"Mobitex d.o.o.\"},\"image\":{\"@id\":\"https:\/\/mobitex.info\/#\/schema\/logo\/image\/\"}}]}<\/script>\n<!-- \/ Yoast SEO plugin. -->","yoast_head_json":{"title":"RA10162 - Mobitex d.o.o.","robots":{"index":"index","follow":"follow","max-snippet":"max-snippet:-1","max-image-preview":"max-image-preview:large","max-video-preview":"max-video-preview:-1"},"canonical":"https:\/\/mobitex.info\/index.php\/ra10162\/","og_locale":"sl_SI","og_type":"article","og_title":"RA10162 - Mobitex d.o.o.","og_description":"Naziv delovnega mesta oz. vrste dela: Podroben opis delovnega mesta: Od Vas pri\u010dakujemo: Ostalo:","og_url":"https:\/\/mobitex.info\/index.php\/ra10162\/","og_site_name":"Mobitex d.o.o.","article_modified_time":"2026-02-27T11:44:14+00:00","twitter_card":"summary_large_image","twitter_misc":{"Est. reading time":"1 minuta"},"schema":{"@context":"https:\/\/schema.org","@graph":[{"@type":"WebPage","@id":"https:\/\/mobitex.info\/index.php\/ra10162\/","url":"https:\/\/mobitex.info\/index.php\/ra10162\/","name":"RA10162 - Mobitex d.o.o.","isPartOf":{"@id":"https:\/\/mobitex.info\/#website"},"datePublished":"2026-02-25T10:51:00+00:00","dateModified":"2026-02-27T11:44:14+00:00","breadcrumb":{"@id":"https:\/\/mobitex.info\/index.php\/ra10162\/#breadcrumb"},"inLanguage":"sl-SI","potentialAction":[{"@type":"ReadAction","target":["https:\/\/mobitex.info\/index.php\/ra10162\/"]}]},{"@type":"BreadcrumbList","@id":"https:\/\/mobitex.info\/index.php\/ra10162\/#breadcrumb","itemListElement":[{"@type":"ListItem","position":1,"name":"Domovsk\u00e1 str\u00e1nka","item":"https:\/\/mobitex.info\/"},{"@type":"ListItem","position":2,"name":"RA10162"}]},{"@type":"WebSite","@id":"https:\/\/mobitex.info\/#website","url":"https:\/\/mobitex.info\/","name":"Mobitex d.o.o.","description":"35+ poslovnih let","publisher":{"@id":"https:\/\/mobitex.info\/#organization"},"potentialAction":[{"@type":"SearchAction","target":{"@type":"EntryPoint","urlTemplate":"https:\/\/mobitex.info\/?s={search_term_string}"},"query-input":{"@type":"PropertyValueSpecification","valueRequired":true,"valueName":"search_term_string"}}],"inLanguage":"sl-SI"},{"@type":"Organization","@id":"https:\/\/mobitex.info\/#organization","name":"Mobitex d.o.o.","url":"https:\/\/mobitex.info\/","logo":{"@type":"ImageObject","inLanguage":"sl-SI","@id":"https:\/\/mobitex.info\/#\/schema\/logo\/image\/","url":"https:\/\/mobitex.info\/wp-content\/uploads\/2026\/02\/logo2.jpg","contentUrl":"https:\/\/mobitex.info\/wp-content\/uploads\/2026\/02\/logo2.jpg","width":445,"height":72,"caption":"Mobitex d.o.o."},"image":{"@id":"https:\/\/mobitex.info\/#\/schema\/logo\/image\/"}}]}},"_links":{"self":[{"href":"https:\/\/mobitex.info\/index.php\/wp-json\/wp\/v2\/pages\/119","targetHints":{"allow":["GET"]}}],"collection":[{"href":"https:\/\/mobitex.info\/index.php\/wp-json\/wp\/v2\/pages"}],"about":[{"href":"https:\/\/mobitex.info\/index.php\/wp-json\/wp\/v2\/types\/page"}],"author":[{"embeddable":true,"href":"https:\/\/mobitex.info\/index.php\/wp-json\/wp\/v2\/users\/1"}],"replies":[{"embeddable":true,"href":"https:\/\/mobitex.info\/index.php\/wp-json\/wp\/v2\/comments?post=119"}],"version-history":[{"count":9,"href":"https:\/\/mobitex.info\/index.php\/wp-json\/wp\/v2\/pages\/119\/revisions"}],"predecessor-version":[{"id":131,"href":"https:\/\/mobitex.info\/index.php\/wp-json\/wp\/v2\/pages\/119\/revisions\/131"}],"wp:attachment":[{"href":"https:\/\/mobitex.info\/index.php\/wp-json\/wp\/v2\/media?parent=119"}],"curies":[{"name":"wp","href":"https:\/\/api.w.org\/{rel}","templated":true}]}}